{"id":133,"date":"2021-08-04T15:21:27","date_gmt":"2021-08-04T15:21:27","guid":{"rendered":"http:\/\/www.gauvreautransport.ca\/?page_id=133"},"modified":"2026-04-14T11:54:47","modified_gmt":"2026-04-14T15:54:47","slug":"accueil","status":"publish","type":"page","link":"https:\/\/www.gauvreautransport.ca\/en\/","title":{"rendered":"Home"},"content":{"rendered":"<div class=\"wpb-content-wrapper\"><p>[vc_row full_height=&#8221;yes&#8221; equal_height=&#8221;yes&#8221; type=&#8221;full_width&#8221; text_align=&#8221;inherit&#8221; video_file_bg=&#8221;true&#8221; el_class=&#8221;accueil-title&#8221; video_mp4=&#8221;\/wp-content\/uploads\/2025\/04\/gauvreau_hero_video.mp4&#8243; video_webm=&#8221;\/wp-content\/uploads\/2025\/04\/gauvreau_hero_video.webm&#8221; video_ogg=&#8221;\/wp-content\/uploads\/2025\/04\/gauvreau_hero_video.ogg&#8221;][vc_column][vc_column_text css=&#8221;&#8221; el_class=&#8221;video-title&#8221;]<\/p>\n<h1>Gauvreau Transport<br \/>\nA family business combining over 30 years&#8217; experience<\/h1>\n<p>[\/vc_column_text][vc_row_inner equal_height=&#8221;yes&#8221; content_placement=&#8221;middle&#8221; type=&#8221;full_width&#8221; text_align=&#8221;inherit&#8221; el_class=&#8221;accueil-title-bottom-row&#8221;][vc_column_inner el_class=&#8221;padding-30 white-text&#8221; width=&#8221;2\/3&#8243;][vc_column_text el_class=&#8221;toptitle&#8221;]Gauvreau Transport offers[\/vc_column_text][vc_column_text el_class=&#8221;acc-title-big-text&#8221;]A vast selection of bulk materials for your projects.[\/vc_column_text][\/vc_column_inner][vc_column_inner width=&#8221;1\/3&#8243;][vc_raw_html]JTNDZGl2JTIwY2xhc3MlM0QlMjJ2Y19yb3clMjBhY2MtdGl0bGUtY2FsY3VsLWZsZWNoZS1yb3clMjIlM0UlMEElM0NkaXYlMjBjbGFzcyUzRCUyMnZjX2NvbC1zbS02JTIyJTNFJTBBJTNDcCUzRUNhbGN1bGF0ZSUyMHlvdXIlMjBxdWFudGl0aWVzJTNDJTJGcCUzRSUwQSUzQ2ElMjBjbGFzcyUzRCUyMm9wZW4tY2FsY3VsYXRvciUyMiUzRUNhbGN1bGF0ZSUyMHlvdXIlMjBxdWFudGl0aWVzJTNDJTJGYSUzRSUwQSUzQyUyRmRpdiUzRSUwQSUzQ2RpdiUyMGNsYXNzJTNEJTIydmNfY29sLXNtLTYlMjBhY2MtdGl0bGUtZmxlY2hlJTIyJTNFJTBBJTNDYSUyMGhyZWYlM0QlMjIlMjNmYW1pbGxlJTIyJTNFJTNDaSUyMGNsYXNzJTNEJTIyZmFyJTIwZmEtYXJyb3ctZG93biUyMiUzRSUzQyUyRmklM0UlM0MlMkZhJTNFJTBBJTNDJTJGZGl2JTNFJTBBJTNDJTJGZGl2JTNF[\/vc_raw_html][\/vc_column_inner][\/vc_row_inner][\/vc_column][\/vc_row][vc_row disable_element=&#8221;yes&#8221; type=&#8221;in_grid&#8221; text_align=&#8221;inherit&#8221; el_class=&#8221;padding-100&#8243; el_id=&#8221;dixCamions&#8221;][vc_column][vc_single_image image=&#8221;581&#8243; img_size=&#8221;full&#8221; alignment=&#8221;center&#8221; el_class=&#8221;padding-b-100&#8243;][vc_row_inner type=&#8221;full_width&#8221; text_align=&#8221;inherit&#8221; el_class=&#8221;effectuons-livraison-row&#8221;][vc_column_inner width=&#8221;2\/12&#8243;][vc_raw_html el_class=&#8221;effectuons-livraisons-arrow&#8221;]JTNDaSUyMGNsYXNzJTNEJTIyZmFyJTIwZmEtYXJyb3ctZG93biUyMiUzRSUzQyUyRmklM0U=[\/vc_raw_html][\/vc_column_inner][vc_column_inner width=&#8221;7\/12&#8243;][vc_column_text el_class=&#8221;effectuons-livraison-text&#8221;]Nous effectuons les livraisons dans les secteurs <span class=\"color-red\">Hull, Gatineau, Aylmer, Chelsea, Cantley et les environs.<\/span>[\/vc_column_text][\/vc_column_inner][vc_column_inner width=&#8221;3\/12&#8243;]<a href=\"\/contact\/#formulaire\" target=\"_self\" class=\"dist-btn type2\">Soumission en ligne<\/a>[\/vc_column_inner][\/vc_row_inner][\/vc_column][\/vc_row][vc_row disable_element=&#8221;yes&#8221; type=&#8221;full_width&#8221; text_align=&#8221;inherit&#8221; el_class=&#8221;debuter-recherche-row padding-b-100&#8243;][vc_column width=&#8221;1\/2&#8243; el_class=&#8221;white-text&#8221;][vc_column_text el_class=&#8221;toptitle&#8221;]Nos produits[\/vc_column_text][vc_column_text el_class=&#8221;color-red&#8221;]<\/p>\n<h2 class=\"h1\">D\u00e9buter votre recherche<br \/>\nde produits!<\/h2>\n<p>[\/vc_column_text][vc_column_text]Texte \u00e0 changer! Nos produits de terre, compost, pierre concass\u00e9e, roche de rivi\u00e8re, sable et paillis sont disponibles pour cueilliete sur place et en livraison.[\/vc_column_text][\/vc_column][vc_column width=&#8221;1\/2&#8243;][vc_column_text el_class=&#8221;white-text&#8221;]<\/p>\n<h3>Roches de rivi\u00e8re<\/h3>\n<p>[\/vc_column_text]<a href=\"#\" target=\"_self\" class=\"dist-btn type5 white\">En savoir plus<\/a>[\/vc_column][\/vc_row][vc_row type=&#8221;in_grid&#8221; text_align=&#8221;inherit&#8221; el_class=&#8221;entreprise-familiale-row padding-t-100&#8243; el_id=&#8221;famille&#8221;][vc_column el_class=&#8221;white-text&#8221;][vc_column_text css=&#8221;&#8221; el_class=&#8221;color-red&#8221;]<\/p>\n<h2 class=\"h1\">Experience, Expertise, and Quality<\/h2>\n<p>[\/vc_column_text][vc_column_text css=&#8221;&#8221;]A 30-year family legacy, serving you from the same location. Gauvreau Transport offers a wide selection of bulk materials for your residential or commercial projects in renovation, construction, and landscaping. As the owner of a sandpit, the company produces its own soil blends, setting itself apart through exceptional quality.[\/vc_column_text]<a href=\"\/en\/about-us\/\" target=\"_self\" class=\"dist-btn type3\">Learn more<\/a>[\/vc_column][\/vc_row][vc_row disable_element=&#8221;yes&#8221; type=&#8221;in_grid&#8221; text_align=&#8221;inherit&#8221; el_class=&#8221;autres-service-row padding-100&#8243;][vc_column][vc_row_inner type=&#8221;full_width&#8221; text_align=&#8221;inherit&#8221; el_class=&#8221;padding-b-100&#8243;][vc_column_inner][vc_column_text el_class=&#8221;toptitle&#8221;]Nos autres services[\/vc_column_text][vc_column_text el_class=&#8221;color-red&#8221;]<\/p>\n<h2 class=\"h1\">Renseignez-vous<br \/>\nsur notre offre compl\u00e8te<\/h2>\n<p>[\/vc_column_text][\/vc_column_inner][\/vc_row_inner][vc_row_inner type=&#8221;full_width&#8221; text_align=&#8221;inherit&#8221; el_class=&#8221;autres-service-inner-row&#8221;][vc_column_inner width=&#8221;1\/2&#8243; css=&#8221;.vc_custom_1654093698955{background-image: url(http:\/\/www.gauvreautransport.ca\/wp-content\/uploads\/2022\/06\/Machienerie-img.png?id=564) !important;background-position: center !important;background-repeat: no-repeat !important;background-size: cover !important;}&#8221;][vc_column_text el_class=&#8221;white-text&#8221;]<\/p>\n<h3>Location de machinerie<br \/>\ncommerciale<\/h3>\n<p>[\/vc_column_text]<a href=\"#\" target=\"_self\" class=\"dist-btn type5 white\">En savoir plus<\/a>[\/vc_column_inner][vc_column_inner width=&#8221;1\/2&#8243; css=&#8221;.vc_custom_1718281444116{background-image: url(https:\/\/www.gauvreautransport.ca\/wp-content\/uploads\/2022\/06\/Deneigement-img.png?id=566) !important;}&#8221;][vc_column_text el_class=&#8221;white-text&#8221;]<\/p>\n<h3>D\u00e9neigement r\u00e9sidentiel<br \/>\net commercial<\/h3>\n<p>[\/vc_column_text]<a href=\"#\" target=\"_self\" class=\"dist-btn type5 white\">En savoir plus<\/a>[\/vc_column_inner][\/vc_row_inner][\/vc_column][\/vc_row][vc_row type=&#8221;in_grid&#8221; text_align=&#8221;inherit&#8221; el_class=&#8221;nos-services-row padding-100&#8243;][vc_column][vc_row_inner type=&#8221;full_width&#8221; text_align=&#8221;inherit&#8221; el_class=&#8221;nos-services-title-row padding-b-50 text-center&#8221;][vc_column_inner][vc_column_text el_class=&#8221;color-red&#8221;]<\/p>\n<h2>Our services<\/h2>\n<p>[\/vc_column_text][\/vc_column_inner][\/vc_row_inner][vc_row_inner type=&#8221;full_width&#8221; text_align=&#8221;inherit&#8221; el_class=&#8221;nos-services-inner-row&#8221; css=&#8221;.vc_custom_1745247946674{padding-bottom: 15px !important;}&#8221;][vc_column_inner el_class=&#8221;nos-services-col&#8221; width=&#8221;1\/2&#8243;][vc_single_image image=&#8221;1408&#8243; img_size=&#8221;full&#8221; css=&#8221;&#8221; full_width=&#8221;true&#8221;][vc_column_text]<\/p>\n<h3 class=\"h4\">Bulk products<\/h3>\n<p>[\/vc_column_text]<a href=\"\" target=\"_self\" class=\"dist-btn type5 open-products\">Learn more<\/a>[\/vc_column_inner][vc_column_inner el_class=&#8221;nos-services-col&#8221; width=&#8221;1\/2&#8243;][vc_single_image image=&#8221;1164&#8243; img_size=&#8221;full&#8221; css=&#8221;&#8221; full_width=&#8221;true&#8221;][vc_column_text css=&#8221;&#8221;]<\/p>\n<h3 class=\"h4\">On-site Pickup<\/h3>\n<p>[\/vc_column_text]<a href=\"\/en\/other-services\/#pickup\" target=\"_self\" class=\"dist-btn type5\">Learn more<\/a>[\/vc_column_inner][\/vc_row_inner][vc_row_inner type=&#8221;full_width&#8221; text_align=&#8221;inherit&#8221; el_class=&#8221;nos-services-inner-row&#8221;][vc_column_inner el_class=&#8221;nos-services-col&#8221; width=&#8221;1\/2&#8243;][vc_single_image image=&#8221;1147&#8243; img_size=&#8221;full&#8221; css=&#8221;&#8221; full_width=&#8221;true&#8221;][vc_column_text]<\/p>\n<h3 class=\"h4\">Truck rental<\/h3>\n<p>[\/vc_column_text]<a href=\"\/en\/other-services\/#truck\" target=\"_self\" class=\"dist-btn type5\">Learn more<\/a>[\/vc_column_inner][vc_column_inner el_class=&#8221;nos-services-col&#8221; width=&#8221;1\/2&#8243;][vc_single_image image=&#8221;1411&#8243; img_size=&#8221;full&#8221; css=&#8221;&#8221; full_width=&#8221;true&#8221;][vc_column_text css=&#8221;&#8221;]<\/p>\n<h3 class=\"h4\">Dumpster rental<\/h3>\n<p>[\/vc_column_text]<a href=\"\/en\/other-services\/#dumpster\" target=\"_self\" class=\"dist-btn type5\">Learn more<\/a>[\/vc_column_inner][vc_column_inner el_class=&#8221;nos-services-col&#8221; width=&#8221;1\/2&#8243;][vc_single_image image=&#8221;1151&#8243; img_size=&#8221;full&#8221; css=&#8221;&#8221; full_width=&#8221;true&#8221;][vc_column_text]<\/p>\n<h3 class=\"h4\">Heavy equipment rental<\/h3>\n<p>[\/vc_column_text]<a href=\"\/en\/other-services\/#heavy\" target=\"_self\" class=\"dist-btn type5\">Learn more<\/a>[\/vc_column_inner][vc_column_inner el_class=&#8221;nos-services-col&#8221; width=&#8221;1\/2&#8243;][vc_single_image image=&#8221;872&#8243; img_size=&#8221;full&#8221; full_width=&#8221;true&#8221;][vc_column_text]<\/p>\n<h3 class=\"h4\">Commercial snow removal<\/h3>\n<p>[\/vc_column_text]<a href=\"\/en\/other-services\/#snow\" target=\"_self\" class=\"dist-btn type5\">Learn more<\/a>[\/vc_column_inner][\/vc_row_inner][\/vc_column][\/vc_row][vc_row type=&#8221;in_grid&#8221; text_align=&#8221;inherit&#8221; el_class=&#8221;padding-50 gauvreau-partenaires&#8221;][vc_column width=&#8221;1\/5&#8243;][vc_single_image image=&#8221;1187&#8243; img_size=&#8221;full&#8221; alignment=&#8221;center&#8221; css=&#8221;&#8221;][\/vc_column][vc_column width=&#8221;1\/5&#8243;][vc_single_image image=&#8221;1181&#8243; img_size=&#8221;full&#8221; alignment=&#8221;center&#8221; css=&#8221;&#8221;][\/vc_column][vc_column width=&#8221;1\/5&#8243;][vc_single_image image=&#8221;1183&#8243; img_size=&#8221;full&#8221; alignment=&#8221;center&#8221; css=&#8221;&#8221;][\/vc_column][vc_column width=&#8221;1\/5&#8243;][vc_single_image image=&#8221;1179&#8243; img_size=&#8221;full&#8221; alignment=&#8221;center&#8221; css=&#8221;&#8221;][\/vc_column][vc_column width=&#8221;1\/5&#8243;][vc_single_image image=&#8221;1185&#8243; img_size=&#8221;full&#8221; alignment=&#8221;center&#8221; css=&#8221;&#8221;][\/vc_column][\/vc_row]<\/p>\n<\/div>","protected":false},"excerpt":{"rendered":"<p>[vc_row full_height=&#8221;yes&#8221; equal_height=&#8221;yes&#8221; type=&#8221;full_width&#8221; text_align=&#8221;inherit&#8221; video_file_bg=&#8221;true&#8221; el_class=&#8221;accueil-title&#8221; video_mp4=&#8221;\/wp-content\/uploads\/2025\/04\/gauvreau_hero_video.mp4&#8243; video_webm=&#8221;\/wp-content\/uploads\/2025\/04\/gauvreau_hero_video.webm&#8221; video_ogg=&#8221;\/wp-content\/uploads\/2025\/04\/gauvreau_hero_video.ogg&#8221;][vc_column][vc_column_text css=&#8221;&#8221; el_class=&#8221;video-title&#8221;] Gauvreau Transport A family business combining over 30 years&#8217; experience [\/vc_column_text][vc_row_inner equal_height=&#8221;yes&#8221; content_placement=&#8221;middle&#8221; type=&#8221;full_width&#8221; text_align=&#8221;inherit&#8221; el_class=&#8221;accueil-title-bottom-row&#8221;][vc_column_inner el_class=&#8221;padding-30 white-text&#8221; width=&#8221;2\/3&#8243;][vc_column_text el_class=&#8221;toptitle&#8221;]Gauvreau Transport offers[\/vc_column_text][vc_column_text el_class=&#8221;acc-title-big-text&#8221;]A vast selection of bulk materials for your projects.[\/vc_column_text][\/vc_column_inner][vc_column_inner width=&#8221;1\/3&#8243;][vc_raw_html]JTNDZGl2JTIwY2xhc3MlM0QlMjJ2Y19yb3clMjBhY2MtdGl0bGUtY2FsY3VsLWZsZWNoZS1yb3clMjIlM0UlMEElM0NkaXYlMjBjbGFzcyUzRCUyMnZjX2NvbC1zbS02JTIyJTNFJTBBJTNDcCUzRUNhbGN1bGF0ZSUyMHlvdXIlMjBxdWFudGl0aWVzJTNDJTJGcCUzRSUwQSUzQ2ElMjBjbGFzcyUzRCUyMm9wZW4tY2FsY3VsYXRvciUyMiUzRUNhbGN1bGF0ZSUyMHlvdXIlMjBxdWFudGl0aWVzJTNDJTJGYSUzRSUwQSUzQyUyRmRpdiUzRSUwQSUzQ2RpdiUyMGNsYXNzJTNEJTIydmNfY29sLXNtLTYlMjBhY2MtdGl0bGUtZmxlY2hlJTIyJTNFJTBBJTNDYSUyMGhyZWYlM0QlMjIlMjNmYW1pbGxlJTIyJTNFJTNDaSUyMGNsYXNzJTNEJTIyZmFyJTIwZmEtYXJyb3ctZG93biUyMiUzRSUzQyUyRmklM0UlM0MlMkZhJTNFJTBBJTNDJTJGZGl2JTNFJTBBJTNDJTJGZGl2JTNF[\/vc_raw_html][\/vc_column_inner][\/vc_row_inner][\/vc_column][\/vc_row][vc_row disable_element=&#8221;yes&#8221; type=&#8221;in_grid&#8221; text_align=&#8221;inherit&#8221; el_class=&#8221;padding-100&#8243; el_id=&#8221;dixCamions&#8221;][vc_column][vc_single_image image=&#8221;581&#8243; img_size=&#8221;full&#8221; alignment=&#8221;center&#8221; el_class=&#8221;padding-b-100&#8243;][vc_row_inner type=&#8221;full_width&#8221; text_align=&#8221;inherit&#8221; [&hellip;]<\/p>\n","protected":false},"author":1,"featured_media":0,"parent":0,"menu_order":0,"comment_status":"closed","ping_status":"closed","template":"","meta":{"_acf_changed":false,"_seopress_robots_primary_cat":"","_seopress_titles_title":"","_seopress_titles_desc":"","_seopress_robots_index":"","footnotes":""},"class_list":["post-133","page","type-page","status-publish","hentry"],"acf":[],"_links":{"self":[{"href":"https:\/\/www.gauvreautransport.ca\/en\/wp-json\/wp\/v2\/pages\/133","targetHints":{"allow":["GET"]}}],"collection":[{"href":"https:\/\/www.gauvreautransport.ca\/en\/wp-json\/wp\/v2\/pages"}],"about":[{"href":"https:\/\/www.gauvreautransport.ca\/en\/wp-json\/wp\/v2\/types\/page"}],"author":[{"embeddable":true,"href":"https:\/\/www.gauvreautransport.ca\/en\/wp-json\/wp\/v2\/users\/1"}],"replies":[{"embeddable":true,"href":"https:\/\/www.gauvreautransport.ca\/en\/wp-json\/wp\/v2\/comments?post=133"}],"version-history":[{"count":15,"href":"https:\/\/www.gauvreautransport.ca\/en\/wp-json\/wp\/v2\/pages\/133\/revisions"}],"predecessor-version":[{"id":1489,"href":"https:\/\/www.gauvreautransport.ca\/en\/wp-json\/wp\/v2\/pages\/133\/revisions\/1489"}],"wp:attachment":[{"href":"https:\/\/www.gauvreautransport.ca\/en\/wp-json\/wp\/v2\/media?parent=133"}],"curies":[{"name":"wp","href":"https:\/\/api.w.org\/{rel}","templated":true}]}}